{"id":44,"date":"2026-03-01T15:51:34","date_gmt":"2026-03-01T18:51:34","guid":{"rendered":"http:\/\/ahmad.works\/writing\/?page_id=44"},"modified":"2026-03-01T23:30:17","modified_gmt":"2026-03-02T02:30:17","slug":"jadessoti-psicanalista-constelador","status":"publish","type":"page","link":"https:\/\/dessoti.com\/blog\/jadessoti-psicanalista-constelador\/","title":{"rendered":"J. A. Dessoti &#8211; Psicanalista e Constelador"},"content":{"rendered":"\n<p class=\"attention-getter\">\u00a0<strong>H\u00e1 momentos em que o sucesso externo j\u00e1 n\u00e3o responde \u00e0s perguntas mais importantes.<\/strong><\/p>\n\n\n\n<p>Quando isso acontece, as pessoas que levam a vida a s\u00e9rio me procuram.<\/p>\n\n\n\n<p>H\u00e1 mais de uma d\u00e9cada, trabalho com executivos, empreendedores e profissionais de alta performance no processo que poucos t\u00eam coragem de iniciar: a transforma\u00e7\u00e3o que acontece por dentro \u2014 e que muda tudo por fora.<\/p>\n\n\n\n<p>Minha abordagem n\u00e3o \u00e9 terapia convencional. \u00c9 um trabalho de precis\u00e3o, conduzido com profundidade cl\u00ednica e intelig\u00eancia estrat\u00e9gica, para quem percebeu que os padr\u00f5es que chegaram at\u00e9 aqui n\u00e3o s\u00e3o os mesmos que levar\u00e3o aonde deseja ir.<\/p>\n\n\n\n<p><strong>O que meus clientes trazem:<\/strong> Decis\u00f5es que deveriam ser simples, mas pesam. Resultados que chegam, mas n\u00e3o satisfazem. Rela\u00e7\u00f5es que custam mais energia do que entregam. Limites internos que aparecem \u2014 inevitavelmente \u2014 nos neg\u00f3cios, na lideran\u00e7a, na vida.<\/p>\n\n\n\n<p><strong>O que acontece no processo:<\/strong> Padr\u00f5es inconscientes ganham clareza. Din\u00e2micas familiares que atravessam gera\u00e7\u00f5es s\u00e3o compreendidas e ressignificadas. Transforma\u00e7\u00f5es reais \u2014 n\u00e3o insights passageiros \u2014 se instalam de forma permanente.<\/p>\n\n\n\n<p>Tamb\u00e9m acolho, com a mesma dedica\u00e7\u00e3o e discri\u00e7\u00e3o, pessoas atravessando momentos de sofrimento profundo que buscam uma nova forma de existir, de se relacionar consigo mesmas e com a vida.<\/p>\n\n\n\n<hr class=\"wp-block-separator has-alpha-channel-opacity\"\/>\n\n\n\n<p>Sou professor na forma\u00e7\u00e3o de novos profissionais e palestrante em contextos de crescimento e lideran\u00e7a. Mas \u00e9 no atendimento individual que meu trabalho realiza seu potencial m\u00e1ximo.<\/p>\n\n\n\n<p>Mantenho uma agenda intencionalmente restrita. Cada pessoa que atendo recebe aten\u00e7\u00e3o integral \u2014 e isso tem um pre\u00e7o: n\u00e3o atendo a todos, e n\u00e3o pretendo atender.<\/p>\n\n\n\n<p><strong>Privacidade absoluta. Presen\u00e7a total. Profundidade real.<\/strong><\/p>\n\n\n\n<hr class=\"wp-block-separator has-alpha-channel-opacity\"\/>\n\n\n\n<p><em>Se voc\u00ea sente que chegou o momento de ir al\u00e9m do que j\u00e1 conhece sobre si mesmo \u2014 n\u00e3o como conceito, mas como experi\u00eancia concreta \u2014 talvez seja hora de conversarmos.<\/em><\/p>\n\n\n\n<p class=\"attention-getter\">\u2192 <strong><a href=\"https:\/\/dessoti.com\/blog\/fale-comigo\/\" data-type=\"page\" data-id=\"2\">Entre em contato e conhe\u00e7a o processo.<\/a><\/strong><\/p>\n","protected":false},"excerpt":{"rendered":"<p>\u00a0H\u00e1 momentos em que o sucesso externo j\u00e1 n\u00e3o responde \u00e0s perguntas mais importantes. Quando isso acontece, as pessoas que levam a vida a s\u00e9rio me procuram. H\u00e1 mais de uma d\u00e9cada, trabalho com executivos, empreendedores e profissionais de alta performance no processo que poucos t\u00eam coragem de iniciar: a transforma\u00e7\u00e3o que acontece por dentro \u2014 e que muda tudo por fora. Minha abordagem n\u00e3o \u00e9 terapia convencional. \u00c9 um trabalho de precis\u00e3o, conduzido com profundidade cl\u00ednica e intelig\u00eancia estrat\u00e9gica, para quem percebeu que os padr\u00f5es que chegaram at\u00e9 aqui n\u00e3o s\u00e3o os mesmos que levar\u00e3o aonde deseja ir. O que meus clientes trazem: Decis\u00f5es que deveriam ser simples, mas pesam. Resultados que chegam, mas n\u00e3o satisfazem. Rela\u00e7\u00f5es que custam mais energia do que entregam. Limites internos que aparecem \u2014 inevitavelmente \u2014 nos neg\u00f3cios, na lideran\u00e7a, na vida. O que acontece no processo: Padr\u00f5es inconscientes ganham clareza. Din\u00e2micas familiares que atravessam gera\u00e7\u00f5es s\u00e3o compreendidas e ressignificadas. Transforma\u00e7\u00f5es reais \u2014 n\u00e3o insights passageiros \u2014 se instalam de forma permanente. Tamb\u00e9m acolho, com a mesma dedica\u00e7\u00e3o e discri\u00e7\u00e3o, pessoas atravessando momentos de sofrimento profundo que buscam uma nova forma de existir, de se relacionar consigo mesmas e com a vida. Sou professor [&hellip;]<\/p>\n","protected":false},"author":1,"featured_media":510,"parent":0,"menu_order":0,"comment_status":"closed","ping_status":"closed","template":"","meta":{"_monsterinsights_skip_tracking":false,"_monsterinsights_sitenote_active":false,"_monsterinsights_sitenote_note":"","_monsterinsights_sitenote_category":0,"footnotes":""},"class_list":["post-44","page","type-page","status-publish","has-post-thumbnail","hentry"],"_links":{"self":[{"href":"https:\/\/dessoti.com\/blog\/wp-json\/wp\/v2\/pages\/44","targetHints":{"allow":["GET"]}}],"collection":[{"href":"https:\/\/dessoti.com\/blog\/wp-json\/wp\/v2\/pages"}],"about":[{"href":"https:\/\/dessoti.com\/blog\/wp-json\/wp\/v2\/types\/page"}],"author":[{"embeddable":true,"href":"https:\/\/dessoti.com\/blog\/wp-json\/wp\/v2\/users\/1"}],"replies":[{"embeddable":true,"href":"https:\/\/dessoti.com\/blog\/wp-json\/wp\/v2\/comments?post=44"}],"version-history":[{"count":5,"href":"https:\/\/dessoti.com\/blog\/wp-json\/wp\/v2\/pages\/44\/revisions"}],"predecessor-version":[{"id":612,"href":"https:\/\/dessoti.com\/blog\/wp-json\/wp\/v2\/pages\/44\/revisions\/612"}],"wp:featuredmedia":[{"embeddable":true,"href":"https:\/\/dessoti.com\/blog\/wp-json\/wp\/v2\/media\/510"}],"wp:attachment":[{"href":"https:\/\/dessoti.com\/blog\/wp-json\/wp\/v2\/media?parent=44"}],"curies":[{"name":"wp","href":"https:\/\/api.w.org\/{rel}","templated":true}]}}